{"id":13060,"date":"2021-12-13T11:58:58","date_gmt":"2021-12-13T10:58:58","guid":{"rendered":"https:\/\/brillovsky.de\/?post_type=product&#038;p=13060"},"modified":"2026-03-31T21:13:21","modified_gmt":"2026-03-31T19:13:21","slug":"gold-violette-trend-company-damen-vintage-brille-1980er-90er-jahre","status":"publish","type":"product","link":"https:\/\/brillovsky.de\/en\/produkt\/gold-violette-trend-company-damen-vintage-brille-1980er-90er-jahre\/","title":{"rendered":"Gold-violette Trend Company Damen Vintage-Brille, 1980er\/90er-Jahre"},"content":{"rendered":"<p>Es handelt sich um eine Originalbrille aus den 1980er\/90er-Jahren. Sie stammt aus Privatbestand<br \/>\nand was expertly straightened and restored where necessary.<\/p>\n<p>Der Rahmen der Brille ist aus Metall in goldener\/ violetter und schwarzer Farbe mit Muster wie abgebildet und mit Farboptik in gl\u00e4nzend.<br \/>\nThe condition of the frame is very good.<\/p>\n<p>Marke TREND COMPANY \u2013 Made in West-Germany. Die Brille ist unten randlos. Die Gl\u00e4ser dienen nur zur Anschauung wobei die max. H\u00f6henangabe sich nur auf diese Gl\u00e4ser beziehen.<\/p>\n<p>The dimensions of the glasses are:<br \/>\n&#8211; maximale Breite: 13 cm<br \/>\n- Maximum height: 4.5 cm<\/p>","protected":false},"excerpt":{"rendered":"<p>Delivery time approx. 2 - 5 days***<\/p>\n<p>Originalbrille aus den 1980er\/90er-Jahren aus Privatbestand.<\/p>\n<p>Rahmen : Metall in goldener\/ violetter und schwarzer Farbe mit Muster wie abgebildet , gl\u00e4nzend.<br \/>\nCondition : very good.<\/p>\n<p>Dimensions :<br \/>\n\u2013 Maximum width: 13,0 cm<br \/>\n- Maximum height 4.5 cm<\/p>","protected":false},"featured_media":15012,"template":"","meta":{"site-sidebar-layout":"default","site-content-layout":"","ast-site-content-layout":"default","site-content-style":"default","site-sidebar-style":"default","ast-global-header-display":"","ast-banner-title-visibility":"","ast-main-header-display":"","ast-hfb-above-header-display":"","ast-hfb-below-header-display":"","ast-hfb-mobile-header-display":"","site-post-title":"","ast-breadcrumbs-content":"","ast-featured-img":"","footer-sml-layout":"","ast-disable-related-posts":"","theme-transparent-header-meta":"default","adv-header-id-meta":"","stick-header-meta":"","header-above-stick-meta":"","header-main-stick-meta":"","header-below-stick-meta":"","astra-migrate-meta-layouts":"set","ast-page-background-enabled":"default","ast-page-background-meta":{"desktop":{"background-color":"","background-image":"","background-repeat":"repeat","background-position":"center center","background-size":"auto","background-attachment":"scroll","background-type":"","background-media":"","overlay-type":"","overlay-color":"","overlay-opacity":"","overlay-gradient":""},"tablet":{"background-color":"","background-image":"","background-repeat":"repeat","background-position":"center center","background-size":"auto","background-attachment":"scroll","background-type":"","background-media":"","overlay-type":"","overlay-color":"","overlay-opacity":"","overlay-gradient":""},"mobile":{"background-color":"","background-image":"","background-repeat":"repeat","background-position":"center center","background-size":"auto","background-attachment":"scroll","background-type":"","background-media":"","overlay-type":"","overlay-color":"","overlay-opacity":"","overlay-gradient":""}},"ast-content-background-meta":{"desktop":{"background-color":"var(--ast-global-color-5)","background-image":"","background-repeat":"repeat","background-position":"center center","background-size":"auto","background-attachment":"scroll","background-type":"","background-media":"","overlay-type":"","overlay-color":"","overlay-opacity":"","overlay-gradient":""},"tablet":{"background-color":"var(--ast-global-color-5)","background-image":"","background-repeat":"repeat","background-position":"center center","background-size":"auto","background-attachment":"scroll","background-type":"","background-media":"","overlay-type":"","overlay-color":"","overlay-opacity":"","overlay-gradient":""},"mobile":{"background-color":"var(--ast-global-color-5)","background-image":"","background-repeat":"repeat","background-position":"center center","background-size":"auto","background-attachment":"scroll","background-type":"","background-media":"","overlay-type":"","overlay-color":"","overlay-opacity":"","overlay-gradient":""}}},"product_brand":[433],"product_cat":[297,301],"product_tag":[122],"class_list":{"0":"post-13060","1":"product","2":"type-product","3":"status-publish","4":"has-post-thumbnail","6":"product_brand-metallgestelle","7":"product_cat-damen","8":"product_cat-vintage-brillengestelle","9":"product_tag-1980er-90er","10":"desktop-align-center","11":"tablet-align-center","12":"mobile-align-center","14":"first","15":"instock","16":"sold-individually","17":"taxable","18":"shipping-taxable","19":"purchasable","20":"product-type-simple"},"_links":{"self":[{"href":"https:\/\/brillovsky.de\/en\/wp-json\/wp\/v2\/product\/13060","targetHints":{"allow":["GET"]}}],"collection":[{"href":"https:\/\/brillovsky.de\/en\/wp-json\/wp\/v2\/product"}],"about":[{"href":"https:\/\/brillovsky.de\/en\/wp-json\/wp\/v2\/types\/product"}],"version-history":[{"count":3,"href":"https:\/\/brillovsky.de\/en\/wp-json\/wp\/v2\/product\/13060\/revisions"}],"predecessor-version":[{"id":15634,"href":"https:\/\/brillovsky.de\/en\/wp-json\/wp\/v2\/product\/13060\/revisions\/15634"}],"wp:featuredmedia":[{"embeddable":true,"href":"https:\/\/brillovsky.de\/en\/wp-json\/wp\/v2\/media\/15012"}],"wp:attachment":[{"href":"https:\/\/brillovsky.de\/en\/wp-json\/wp\/v2\/media?parent=13060"}],"wp:term":[{"taxonomy":"product_brand","embeddable":true,"href":"https:\/\/brillovsky.de\/en\/wp-json\/wp\/v2\/product_brand?post=13060"},{"taxonomy":"product_cat","embeddable":true,"href":"https:\/\/brillovsky.de\/en\/wp-json\/wp\/v2\/product_cat?post=13060"},{"taxonomy":"product_tag","embeddable":true,"href":"https:\/\/brillovsky.de\/en\/wp-json\/wp\/v2\/product_tag?post=13060"}],"curies":[{"name":"wp","href":"https:\/\/api.w.org\/{rel}","templated":true}]}}