{"id":12911,"date":"2021-12-13T11:10:11","date_gmt":"2021-12-13T10:10:11","guid":{"rendered":"https:\/\/brillovsky.de\/?post_type=product&#038;p=12911"},"modified":"2026-03-17T14:52:03","modified_gmt":"2026-03-17T13:52:03","slug":"flair-damen-vintage-brille-1980er-90er-jahre","status":"publish","type":"product","link":"https:\/\/brillovsky.de\/en\/produkt\/flair-damen-vintage-brille-1980er-90er-jahre\/","title":{"rendered":"Flair Women Vintage-Glasses, 1980s\/90s"},"content":{"rendered":"<p>Es handelt sich um eine Originalbrille aus den 1980er\/90er-Jahren. Sie stammt aus Privatbestand<br \/>\nand was expertly straightened and restored where necessary.<\/p>\n<p>Der Rahmen der Brille ist aus Kunststoff und Metall in beiger Farbe mit Muster wie abgebildet und mit Farboptik in gl\u00e4nzend und transparent.<br \/>\nThe condition of the frame is very good.<\/p>\n<p>Marke FLAIR \u2013 Made in West-Germany. Die B\u00fcgel haben vorne eine Abstufung aus Metall. Der Rahmen ist an der oberen H\u00e4fte und an den B\u00fcgeln bunt gesprenkelt.<\/p>\n<p>The dimensions of the glasses are:<br \/>\n- maximum width: 14.3 cm<br \/>\n- Maximum height: 5.1 cm<\/p>","protected":false},"excerpt":{"rendered":"<p>Delivery time approx. 2 - 5 days***<\/p>\n<p>Originalbrille aus den 1980er\/90er-Jahren aus Privatbestand.<\/p>\n<p>Rahmen : Kunststoff und Metall in beiger Farbe mit Muster wie abgebildet , gl\u00e4nzend und transparent.<br \/>\nCondition : very good.<\/p>\n<p>Dimensions :<br \/>\n- maximum width 14.3 cm<br \/>\n- maximum height 5.1 cm<\/p>","protected":false},"featured_media":15004,"template":"","meta":{"site-sidebar-layout":"default","site-content-layout":"","ast-site-content-layout":"default","site-content-style":"default","site-sidebar-style":"default","ast-global-header-display":"","ast-banner-title-visibility":"","ast-main-header-display":"","ast-hfb-above-header-display":"","ast-hfb-below-header-display":"","ast-hfb-mobile-header-display":"","site-post-title":"","ast-breadcrumbs-content":"","ast-featured-img":"","footer-sml-layout":"","ast-disable-related-posts":"","theme-transparent-header-meta":"default","adv-header-id-meta":"","stick-header-meta":"","header-above-stick-meta":"","header-main-stick-meta":"","header-below-stick-meta":"","astra-migrate-meta-layouts":"set","ast-page-background-enabled":"default","ast-page-background-meta":{"desktop":{"background-color":"","background-image":"","background-repeat":"repeat","background-position":"center center","background-size":"auto","background-attachment":"scroll","background-type":"","background-media":"","overlay-type":"","overlay-color":"","overlay-opacity":"","overlay-gradient":""},"tablet":{"background-color":"","background-image":"","background-repeat":"repeat","background-position":"center center","background-size":"auto","background-attachment":"scroll","background-type":"","background-media":"","overlay-type":"","overlay-color":"","overlay-opacity":"","overlay-gradient":""},"mobile":{"background-color":"","background-image":"","background-repeat":"repeat","background-position":"center center","background-size":"auto","background-attachment":"scroll","background-type":"","background-media":"","overlay-type":"","overlay-color":"","overlay-opacity":"","overlay-gradient":""}},"ast-content-background-meta":{"desktop":{"background-color":"var(--ast-global-color-5)","background-image":"","background-repeat":"repeat","background-position":"center center","background-size":"auto","background-attachment":"scroll","background-type":"","background-media":"","overlay-type":"","overlay-color":"","overlay-opacity":"","overlay-gradient":""},"tablet":{"background-color":"var(--ast-global-color-5)","background-image":"","background-repeat":"repeat","background-position":"center center","background-size":"auto","background-attachment":"scroll","background-type":"","background-media":"","overlay-type":"","overlay-color":"","overlay-opacity":"","overlay-gradient":""},"mobile":{"background-color":"var(--ast-global-color-5)","background-image":"","background-repeat":"repeat","background-position":"center center","background-size":"auto","background-attachment":"scroll","background-type":"","background-media":"","overlay-type":"","overlay-color":"","overlay-opacity":"","overlay-gradient":""}}},"product_brand":[435,433],"product_cat":[297,301],"product_tag":[122],"class_list":{"0":"post-12911","1":"product","2":"type-product","3":"status-publish","4":"has-post-thumbnail","6":"product_brand-kunststoffgestelle","7":"product_brand-metallgestelle","8":"product_cat-damen","9":"product_cat-vintage-brillengestelle","10":"product_tag-1980er-90er","11":"desktop-align-center","12":"tablet-align-center","13":"mobile-align-center","15":"first","16":"instock","17":"sold-individually","18":"taxable","19":"shipping-taxable","20":"purchasable","21":"product-type-simple"},"_links":{"self":[{"href":"https:\/\/brillovsky.de\/en\/wp-json\/wp\/v2\/product\/12911","targetHints":{"allow":["GET"]}}],"collection":[{"href":"https:\/\/brillovsky.de\/en\/wp-json\/wp\/v2\/product"}],"about":[{"href":"https:\/\/brillovsky.de\/en\/wp-json\/wp\/v2\/types\/product"}],"version-history":[{"count":0,"href":"https:\/\/brillovsky.de\/en\/wp-json\/wp\/v2\/product\/12911\/revisions"}],"wp:featuredmedia":[{"embeddable":true,"href":"https:\/\/brillovsky.de\/en\/wp-json\/wp\/v2\/media\/15004"}],"wp:attachment":[{"href":"https:\/\/brillovsky.de\/en\/wp-json\/wp\/v2\/media?parent=12911"}],"wp:term":[{"taxonomy":"product_brand","embeddable":true,"href":"https:\/\/brillovsky.de\/en\/wp-json\/wp\/v2\/product_brand?post=12911"},{"taxonomy":"product_cat","embeddable":true,"href":"https:\/\/brillovsky.de\/en\/wp-json\/wp\/v2\/product_cat?post=12911"},{"taxonomy":"product_tag","embeddable":true,"href":"https:\/\/brillovsky.de\/en\/wp-json\/wp\/v2\/product_tag?post=12911"}],"curies":[{"name":"wp","href":"https:\/\/api.w.org\/{rel}","templated":true}]}}