{"id":10014,"date":"2021-05-04T18:56:49","date_gmt":"2021-05-04T16:56:49","guid":{"rendered":"https:\/\/brillovsky.de\/?post_type=product&#038;p=10014"},"modified":"2026-05-04T11:08:44","modified_gmt":"2026-05-04T09:08:44","slug":"unisex-vintage-brille-1950er-60er-jahre-7-2","status":"publish","type":"product","link":"https:\/\/brillovsky.de\/en\/produkt\/unisex-vintage-brille-1950er-60er-jahre-7-2\/","title":{"rendered":"Unisex Vintage-Glasses, 1950s\/60s"},"content":{"rendered":"<p>These are original glasses from the 1950s\/60s. They come from a private collection<br \/>\nand was expertly straightened and restored where necessary.<\/p>\n<p>Der Rahmen der Brille ist aus Kunststoff und Metall in goldener  und brauner Farbe  und mit Farboptik in gl\u00e4nzend.<br \/>\nThe condition of the frame is good. <\/p>\n<p>Das Brillengestell ist unten rahmenlos \u2013 die Gl\u00e4ser dienen nur der Veranschaulichung und werden ohne sie geliefert. Die einzusetzenden Gl\u00e4ser werden mit einem Nylonfaden befestigt. Die Ma\u00dfe des Gestells sind inklusive dieser Gl\u00e4ser gemessen.<\/p>\n<p>The dimensions of the glasses are:<br \/>\n- maximum width: 14 cm<br \/>\n- Maximum height: 4.2 cm<\/p>","protected":false},"excerpt":{"rendered":"<p>Original glasses from the 1950s\/60s from a private collection.<\/p>\n<p>Rahmen : Kunststoff und Metall in goldener  und brauner Farbe  , gl\u00e4nzend.<br \/>\n               Condition : good.<\/p>\n<p>Dimensions :<br \/>\n- maximum width 14 cm<br \/>\n- Maximum height 4.2 cm<\/p>","protected":false},"featured_media":14811,"template":"","meta":{"site-sidebar-layout":"default","site-content-layout":"","ast-site-content-layout":"default","site-content-style":"default","site-sidebar-style":"default","ast-global-header-display":"","ast-banner-title-visibility":"","ast-main-header-display":"","ast-hfb-above-header-display":"","ast-hfb-below-header-display":"","ast-hfb-mobile-header-display":"","site-post-title":"","ast-breadcrumbs-content":"","ast-featured-img":"","footer-sml-layout":"","ast-disable-related-posts":"","theme-transparent-header-meta":"","adv-header-id-meta":"","stick-header-meta":"","header-above-stick-meta":"","header-main-stick-meta":"","header-below-stick-meta":"","astra-migrate-meta-layouts":"default","ast-page-background-enabled":"default","ast-page-background-meta":{"desktop":{"background-color":"","background-image":"","background-repeat":"repeat","background-position":"center center","background-size":"auto","background-attachment":"scroll","background-type":"","background-media":"","overlay-type":"","overlay-color":"","overlay-opacity":"","overlay-gradient":""},"tablet":{"background-color":"","background-image":"","background-repeat":"repeat","background-position":"center center","background-size":"auto","background-attachment":"scroll","background-type":"","background-media":"","overlay-type":"","overlay-color":"","overlay-opacity":"","overlay-gradient":""},"mobile":{"background-color":"","background-image":"","background-repeat":"repeat","background-position":"center center","background-size":"auto","background-attachment":"scroll","background-type":"","background-media":"","overlay-type":"","overlay-color":"","overlay-opacity":"","overlay-gradient":""}},"ast-content-background-meta":{"desktop":{"background-color":"var(--ast-global-color-5)","background-image":"","background-repeat":"repeat","background-position":"center center","background-size":"auto","background-attachment":"scroll","background-type":"","background-media":"","overlay-type":"","overlay-color":"","overlay-opacity":"","overlay-gradient":""},"tablet":{"background-color":"var(--ast-global-color-5)","background-image":"","background-repeat":"repeat","background-position":"center center","background-size":"auto","background-attachment":"scroll","background-type":"","background-media":"","overlay-type":"","overlay-color":"","overlay-opacity":"","overlay-gradient":""},"mobile":{"background-color":"var(--ast-global-color-5)","background-image":"","background-repeat":"repeat","background-position":"center center","background-size":"auto","background-attachment":"scroll","background-type":"","background-media":"","overlay-type":"","overlay-color":"","overlay-opacity":"","overlay-gradient":""}}},"product_brand":[],"product_cat":[15],"product_tag":[],"class_list":{"0":"post-10014","1":"product","2":"type-product","3":"status-publish","4":"has-post-thumbnail","6":"product_cat-uncategorized","7":"desktop-align-center","8":"tablet-align-center","9":"mobile-align-center","11":"first","12":"outofstock","13":"sold-individually","14":"taxable","15":"shipping-taxable","16":"purchasable","17":"product-type-simple"},"_links":{"self":[{"href":"https:\/\/brillovsky.de\/en\/wp-json\/wp\/v2\/product\/10014","targetHints":{"allow":["GET"]}}],"collection":[{"href":"https:\/\/brillovsky.de\/en\/wp-json\/wp\/v2\/product"}],"about":[{"href":"https:\/\/brillovsky.de\/en\/wp-json\/wp\/v2\/types\/product"}],"version-history":[{"count":1,"href":"https:\/\/brillovsky.de\/en\/wp-json\/wp\/v2\/product\/10014\/revisions"}],"predecessor-version":[{"id":15822,"href":"https:\/\/brillovsky.de\/en\/wp-json\/wp\/v2\/product\/10014\/revisions\/15822"}],"wp:featuredmedia":[{"embeddable":true,"href":"https:\/\/brillovsky.de\/en\/wp-json\/wp\/v2\/media\/14811"}],"wp:attachment":[{"href":"https:\/\/brillovsky.de\/en\/wp-json\/wp\/v2\/media?parent=10014"}],"wp:term":[{"taxonomy":"product_brand","embeddable":true,"href":"https:\/\/brillovsky.de\/en\/wp-json\/wp\/v2\/product_brand?post=10014"},{"taxonomy":"product_cat","embeddable":true,"href":"https:\/\/brillovsky.de\/en\/wp-json\/wp\/v2\/product_cat?post=10014"},{"taxonomy":"product_tag","embeddable":true,"href":"https:\/\/brillovsky.de\/en\/wp-json\/wp\/v2\/product_tag?post=10014"}],"curies":[{"name":"wp","href":"https:\/\/api.w.org\/{rel}","templated":true}]}}