{"id":11850,"date":"2025-04-07T14:13:42","date_gmt":"2025-04-07T14:13:42","guid":{"rendered":"https:\/\/brillovsky.de\/brillovsky\/?page_id=11850"},"modified":"2026-03-17T12:39:16","modified_gmt":"2026-03-17T11:39:16","slug":"about","status":"publish","type":"page","link":"https:\/\/brillovsky.de\/en\/about\/","title":{"rendered":"About"},"content":{"rendered":"<div data-elementor-type=\"wp-page\" data-elementor-id=\"11850\" class=\"elementor elementor-11850\" wpc-filter-elementor-widget=\"1\">\n\t\t\t\t<div class=\"elementor-element elementor-element-7915d62 e-flex e-con-boxed e-con e-parent\" data-id=\"7915d62\" data-element_type=\"container\" data-e-type=\"container\">\n\t\t\t\t\t<div class=\"e-con-inner\">\n\t\t<div class=\"elementor-element elementor-element-14ced78 e-con-full e-flex e-con e-child\" data-id=\"14ced78\" data-element_type=\"container\" data-e-type=\"container\">\n\t\t\t\t<div class=\"elementor-element elementor-element-1926ea0 elementor-widget elementor-widget-heading\" data-id=\"1926ea0\" data-element_type=\"widget\" data-e-type=\"widget\" data-widget_type=\"heading.default\">\n\t\t\t\t\t<h2 class=\"elementor-heading-title elementor-size-default\">Brillovsky<\/h2>\t\t\t\t<\/div>\n\t\t\t\t<div class=\"elementor-element elementor-element-9466b04 elementor-widget elementor-widget-text-editor\" data-id=\"9466b04\" data-element_type=\"widget\" data-e-type=\"widget\" data-widget_type=\"text-editor.default\">\n\t\t\t\t\t\t\t\t\t<p>. . . has been around since 2004 - starting with collecting, refurbishing, restoring and trading original old vintage glasses and sunglasses.<br \/>Thanks to many years of selling at markets in Berlin, the name Brillovsky has achieved a certain degree of recognition, and not just among Berliners. Brillovsky stands for old, beautiful eyewear design, between classic and extraordinary. Today, the collection includes vintage glasses and vintage sunglasses from the entire 20th century with a focus on the 1950s, 1960s, 1970s, 1980s and 1990s - original, individual, original.<br \/>The enthusiasm for original designs from the decades of the last century of furniture, architecture, clothing or accessories is the driving force behind the creation of Brillovsky. Holding an object in your hands that is several decades old and is no longer manufactured or available on the regular market is something special. It is often the subtleties, the colour or the material that make the difference between the original and the retro. If you own an original pair of glasses, there is a very good chance that no-one else can come up with the same model, that it is unique in the true sense of the word. Preserving the old - this is only conservative in a moral sense, in terms of design it is often the exact opposite and is often motivated by not wanting to chase after every fast-moving fashion. The wearer of glasses or sunglasses as an accessory can also express something to the outside world, namely his or her very own taste, which at the same time can give original and unadulterated expression to his or her preference for the spirit of a very specific time.<\/p>\t\t\t\t\t\t\t\t<\/div>\n\t\t\t\t<\/div>\n\t\t<div class=\"elementor-element elementor-element-5b4e406 e-con-full e-flex e-con e-child\" data-id=\"5b4e406\" data-element_type=\"container\" data-e-type=\"container\">\n\t\t\t\t<div class=\"elementor-element elementor-element-45972a6 elementor-widget elementor-widget-image\" data-id=\"45972a6\" data-element_type=\"widget\" data-e-type=\"widget\" data-widget_type=\"image.default\">\n\t\t\t\t\t\t\t\t\t\t\t\t\t\t\t<img fetchpriority=\"high\" decoding=\"async\" width=\"753\" height=\"1151\" src=\"https:\/\/brillovsky.de\/wp-content\/uploads\/2025\/04\/Andy-Reich-Brillovsky.png\" class=\"attachment-full size-full wp-image-11852\" alt=\"Andy Reich Brillovsky\" srcset=\"https:\/\/brillovsky.de\/wp-content\/uploads\/2025\/04\/Andy-Reich-Brillovsky.png 753w, https:\/\/brillovsky.de\/wp-content\/uploads\/2025\/04\/Andy-Reich-Brillovsky-196x300.png 196w, https:\/\/brillovsky.de\/wp-content\/uploads\/2025\/04\/Andy-Reich-Brillovsky-670x1024.png 670w, https:\/\/brillovsky.de\/wp-content\/uploads\/2025\/04\/Andy-Reich-Brillovsky-300x459.png 300w, https:\/\/brillovsky.de\/wp-content\/uploads\/2025\/04\/Andy-Reich-Brillovsky-600x917.png 600w\" sizes=\"(max-width: 753px) 100vw, 753px\" \/>\t\t\t\t\t\t\t\t\t\t\t\t\t\t\t<\/div>\n\t\t\t\t<\/div>\n\t\t\t\t\t<\/div>\n\t\t\t\t<\/div>\n\t\t<div class=\"elementor-element elementor-element-4d15caa e-flex e-con-boxed e-con e-parent\" data-id=\"4d15caa\" data-element_type=\"container\" data-e-type=\"container\">\n\t\t\t\t\t<div class=\"e-con-inner\">\n\t\t<div class=\"elementor-element elementor-element-fd7fa02 e-con-full e-flex e-con e-child\" data-id=\"fd7fa02\" data-element_type=\"container\" data-e-type=\"container\">\n\t\t\t\t<div class=\"elementor-element elementor-element-13c0234 elementor-widget elementor-widget-heading\" data-id=\"13c0234\" data-element_type=\"widget\" data-e-type=\"widget\" data-widget_type=\"heading.default\">\n\t\t\t\t\t<h2 class=\"elementor-heading-title elementor-size-default\">New glasses<\/h2>\t\t\t\t<\/div>\n\t\t\t\t<div class=\"elementor-element elementor-element-1d4225e elementor-widget elementor-widget-text-editor\" data-id=\"1d4225e\" data-element_type=\"widget\" data-e-type=\"widget\" data-widget_type=\"text-editor.default\">\n\t\t\t\t\t\t\t\t\t<p>If spectacle frames are to be fitted with sun protection lenses or other lenses are required for sunglasses (this is possible for most), Brillovsky offers this for a relatively small fee of \u20ac20 for normal lenses and \u20ac25 for gradient lenses. Photochromic sunglass lenses that can automatically adapt to the sunlight are also attractive (\u20ac40). Colourless lenses without correction strength are also possible (\u20ac25).<\/p>\t\t\t\t\t\t\t\t<\/div>\n\t\t\t\t<\/div>\n\t\t<div class=\"elementor-element elementor-element-7785fcf e-con-full e-flex e-con e-child\" data-id=\"7785fcf\" data-element_type=\"container\" data-e-type=\"container\">\n\t\t\t\t<div class=\"elementor-element elementor-element-8f7025c elementor-widget elementor-widget-image\" data-id=\"8f7025c\" data-element_type=\"widget\" data-e-type=\"widget\" data-widget_type=\"image.default\">\n\t\t\t\t\t\t\t\t\t\t\t\t\t\t\t<img decoding=\"async\" width=\"900\" height=\"1200\" src=\"https:\/\/brillovsky.de\/wp-content\/uploads\/2025\/07\/brillovsky-glaeser.jpg\" class=\"attachment-full size-full wp-image-13377\" alt=\"brillovsky glasses\" srcset=\"https:\/\/brillovsky.de\/wp-content\/uploads\/2025\/07\/brillovsky-glaeser.jpg 900w, https:\/\/brillovsky.de\/wp-content\/uploads\/2025\/07\/brillovsky-glaeser-225x300.jpg 225w, https:\/\/brillovsky.de\/wp-content\/uploads\/2025\/07\/brillovsky-glaeser-768x1024.jpg 768w, https:\/\/brillovsky.de\/wp-content\/uploads\/2025\/07\/brillovsky-glaeser-300x400.jpg 300w, https:\/\/brillovsky.de\/wp-content\/uploads\/2025\/07\/brillovsky-glaeser-600x800.jpg 600w\" sizes=\"(max-width: 900px) 100vw, 900px\" \/>\t\t\t\t\t\t\t\t\t\t\t\t\t\t\t<\/div>\n\t\t\t\t<\/div>\n\t\t\t\t\t<\/div>\n\t\t\t\t<\/div>\n\t\t<div class=\"elementor-element elementor-element-1826861 e-flex e-con-boxed e-con e-parent\" data-id=\"1826861\" data-element_type=\"container\" data-e-type=\"container\">\n\t\t\t\t\t<div class=\"e-con-inner\">\n\t\t<div class=\"elementor-element elementor-element-36b1dd7 e-con-full e-flex e-con e-child\" data-id=\"36b1dd7\" data-element_type=\"container\" data-e-type=\"container\">\n\t\t\t\t<div class=\"elementor-element elementor-element-d05088d elementor-widget elementor-widget-menu-anchor\" data-id=\"d05088d\" data-element_type=\"widget\" data-e-type=\"widget\" data-widget_type=\"menu-anchor.default\">\n\t\t\t\t\t\t\t<div class=\"elementor-menu-anchor\" id=\"glaeser\"><\/div>\n\t\t\t\t\t\t<\/div>\n\t\t<div class=\"elementor-element elementor-element-9f45aca e-con-full e-flex e-con e-child\" data-id=\"9f45aca\" data-element_type=\"container\" data-e-type=\"container\">\n\t\t\t\t<div class=\"elementor-element elementor-element-d670344 elementor-widget elementor-widget-heading\" data-id=\"d670344\" data-element_type=\"widget\" data-e-type=\"widget\" data-widget_type=\"heading.default\">\n\t\t\t\t\t<h2 class=\"elementor-heading-title elementor-size-default\">Partner<\/h2>\t\t\t\t<\/div>\n\t\t\t\t<div class=\"elementor-element elementor-element-f76f0f7 elementor-widget elementor-widget-text-editor\" data-id=\"f76f0f7\" data-element_type=\"widget\" data-e-type=\"widget\" data-widget_type=\"text-editor.default\">\n\t\t\t\t\t\t\t\t\t<p>Corrective lenses can be fitted by any optician or optician you trust. Most of them are happy to do this.<br \/><br \/>In Berlin we recommend the following:<\/p>\t\t\t\t\t\t\t\t<\/div>\n\t\t\t\t<div class=\"elementor-element elementor-element-dd9b49f elementor-widget elementor-widget-heading\" data-id=\"dd9b49f\" data-element_type=\"widget\" data-e-type=\"widget\" data-widget_type=\"heading.default\">\n\t\t\t\t\t<h2 class=\"elementor-heading-title elementor-size-default\">Eastside glasses<\/h2>\t\t\t\t<\/div>\n\t\t\t\t<div class=\"elementor-element elementor-element-e885598 elementor-widget elementor-widget-text-editor\" data-id=\"e885598\" data-element_type=\"widget\" data-e-type=\"widget\" data-widget_type=\"text-editor.default\">\n\t\t\t\t\t\t\t\t\t<p>Krossener Str. 36<br \/>10245 Berlin-Friedrichshain<br \/>Phone: +49-30-2911778<br \/><a href=\"https:\/\/www.eastside-brillen.de\" target=\"_blank\" rel=\"noopener\">www.eastside-brillen.de<\/a><br \/>Gives 20 % discount for Brillovsky customers<br \/>on corrective lenses.<br \/>Owner and contact person:<br \/>Bernhard Caesar<br \/>Closed on Mondays!<\/p>\t\t\t\t\t\t\t\t<\/div>\n\t\t\t\t<div class=\"elementor-element elementor-element-c5efa55 elementor-widget elementor-widget-heading\" data-id=\"c5efa55\" data-element_type=\"widget\" data-e-type=\"widget\" data-widget_type=\"heading.default\">\n\t\t\t\t\t<h2 class=\"elementor-heading-title elementor-size-default\">Blue Eyes optics<\/h2>\t\t\t\t<\/div>\n\t\t\t\t<div class=\"elementor-element elementor-element-0c044a5 elementor-widget elementor-widget-text-editor\" data-id=\"0c044a5\" data-element_type=\"widget\" data-e-type=\"widget\" data-widget_type=\"text-editor.default\">\n\t\t\t\t\t\t\t\t\t<p>Alt-Moabit 72<br \/>10555 Berlin-Moabit<br \/>Phone: +49-30-25091409<br \/><a href=\"https:\/\/www.optiker-berlin.com\" target=\"_blank\" rel=\"noopener\">www.optiker-berlin.com<\/a><br \/>For each order, \u20ac5 goes to<br \/>a Madagascar glasses aid project.<br \/>Owner and contact person:<br \/>Olivia Quednau<\/p>\t\t\t\t\t\t\t\t<\/div>\n\t\t\t\t<div class=\"elementor-element elementor-element-6b06f3b elementor-widget elementor-widget-heading\" data-id=\"6b06f3b\" data-element_type=\"widget\" data-e-type=\"widget\" data-widget_type=\"heading.default\">\n\t\t\t\t\t<h2 class=\"elementor-heading-title elementor-size-default\">Brillovsky market sale<br>\nBerlin-Friedrichshain<br>\nBoxhagener Platz, bus 240<\/h2>\t\t\t\t<\/div>\n\t\t\t\t<div class=\"elementor-element elementor-element-bd486c7 elementor-widget elementor-widget-heading\" data-id=\"bd486c7\" data-element_type=\"widget\" data-e-type=\"widget\" data-widget_type=\"heading.default\">\n\t\t\t\t\t<h2 class=\"elementor-heading-title elementor-size-default\">Weekly market Boxhagener Platz<\/h2>\t\t\t\t<\/div>\n\t\t\t\t<div class=\"elementor-element elementor-element-a67e839 elementor-widget elementor-widget-heading\" data-id=\"a67e839\" data-element_type=\"widget\" data-e-type=\"widget\" data-widget_type=\"heading.default\">\n\t\t\t\t\t<h2 class=\"elementor-heading-title elementor-size-default\">Boxhagener Platz flea market<\/h2>\t\t\t\t<\/div>\n\t\t\t\t<div class=\"elementor-element elementor-element-a09d74c elementor-widget elementor-widget-text-editor\" data-id=\"a09d74c\" data-element_type=\"widget\" data-e-type=\"widget\" data-widget_type=\"text-editor.default\">\n\t\t\t\t\t\t\t\t\t<p>Brillovsky stand on the Krossener Stra\u00dfe side<br \/>at the entrance to the park<br \/>Every Saturday 11 am to 4 pm<\/p>\t\t\t\t\t\t\t\t<\/div>\n\t\t\t\t<div class=\"elementor-element elementor-element-5630ca3 elementor-widget elementor-widget-text-editor\" data-id=\"5630ca3\" data-element_type=\"widget\" data-e-type=\"widget\" data-widget_type=\"text-editor.default\">\n\t\t\t\t\t\t\t\t\t<p>Brillovsky stand on the Gr\u00fcnberger Stra\u00dfe side<br \/>at the bus stop<br \/>Every Sunday from 1 to 6 pm<\/p>\t\t\t\t\t\t\t\t<\/div>\n\t\t\t\t<\/div>\n\t\t\t\t<\/div>\n\t\t<div class=\"elementor-element elementor-element-c42f37b e-con-full e-flex e-con e-child\" data-id=\"c42f37b\" data-element_type=\"container\" data-e-type=\"container\">\n\t\t\t\t<div class=\"elementor-element elementor-element-a6dcce8 elementor-widget elementor-widget-image\" data-id=\"a6dcce8\" data-element_type=\"widget\" data-e-type=\"widget\" data-widget_type=\"image.default\">\n\t\t\t\t\t\t\t\t\t\t\t\t\t\t\t<img decoding=\"async\" width=\"567\" height=\"1008\" src=\"https:\/\/brillovsky.de\/wp-content\/uploads\/2025\/04\/Moenche.jpg\" class=\"attachment-large size-large wp-image-11854\" alt=\"Briillovsky visitors at the market, monks\" srcset=\"https:\/\/brillovsky.de\/wp-content\/uploads\/2025\/04\/Moenche.jpg 567w, https:\/\/brillovsky.de\/wp-content\/uploads\/2025\/04\/Moenche-169x300.jpg 169w, https:\/\/brillovsky.de\/wp-content\/uploads\/2025\/04\/Moenche-300x533.jpg 300w\" sizes=\"(max-width: 567px) 100vw, 567px\" \/>\t\t\t\t\t\t\t\t\t\t\t\t\t\t\t<\/div>\n\t\t\t\t<\/div>\n\t\t\t\t\t<\/div>\n\t\t\t\t<\/div>\n\t\t<div class=\"elementor-element elementor-element-5fe58c3 e-flex e-con-boxed e-con e-parent\" data-id=\"5fe58c3\" data-element_type=\"container\" data-e-type=\"container\">\n\t\t\t\t\t<div class=\"e-con-inner\">\n\t\t<div class=\"elementor-element elementor-element-989c847 e-con-full e-flex e-con e-child\" data-id=\"989c847\" data-element_type=\"container\" data-e-type=\"container\">\n\t\t\t\t<div class=\"elementor-element elementor-element-edb3dd2 elementor-widget elementor-widget-menu-anchor\" data-id=\"edb3dd2\" data-element_type=\"widget\" data-e-type=\"widget\" data-widget_type=\"menu-anchor.default\">\n\t\t\t\t\t\t\t<div class=\"elementor-menu-anchor\" id=\"markt\"><\/div>\n\t\t\t\t\t\t<\/div>\n\t\t\t\t<div class=\"elementor-element elementor-element-7a138be elementor-widget elementor-widget-image\" data-id=\"7a138be\" data-element_type=\"widget\" data-e-type=\"widget\" data-widget_type=\"image.default\">\n\t\t\t\t\t\t\t\t\t\t\t\t\t\t\t<img loading=\"lazy\" decoding=\"async\" width=\"768\" height=\"1024\" src=\"https:\/\/brillovsky.de\/wp-content\/uploads\/2025\/04\/Stand-768x1024.jpg\" class=\"attachment-large size-large wp-image-11853\" alt=\"Brillovsky market stall on Boxhagener Platz, Friedrichshain, Berlin\" srcset=\"https:\/\/brillovsky.de\/wp-content\/uploads\/2025\/04\/Stand-768x1025.jpg 768w, https:\/\/brillovsky.de\/wp-content\/uploads\/2025\/04\/Stand-225x300.jpg 225w, https:\/\/brillovsky.de\/wp-content\/uploads\/2025\/04\/Stand-300x400.jpg 300w, https:\/\/brillovsky.de\/wp-content\/uploads\/2025\/04\/Stand-600x800.jpg 600w, https:\/\/brillovsky.de\/wp-content\/uploads\/2025\/04\/Stand.jpg 850w\" sizes=\"(max-width: 768px) 100vw, 768px\" \/>\t\t\t\t\t\t\t\t\t\t\t\t\t\t\t<\/div>\n\t\t\t\t<\/div>\n\t\t<div class=\"elementor-element elementor-element-5da1713 e-con-full e-flex e-con e-child\" data-id=\"5da1713\" data-element_type=\"container\" data-e-type=\"container\">\n\t\t\t\t<div class=\"elementor-element elementor-element-3187d58 elementor-widget elementor-widget-heading\" data-id=\"3187d58\" data-element_type=\"widget\" data-e-type=\"widget\" data-widget_type=\"heading.default\">\n\t\t\t\t\t<h2 class=\"elementor-heading-title elementor-size-default\">Market sale<\/h2>\t\t\t\t<\/div>\n\t\t\t\t<div class=\"elementor-element elementor-element-d66bc2d elementor-widget elementor-widget-text-editor\" data-id=\"d66bc2d\" data-element_type=\"widget\" data-e-type=\"widget\" data-widget_type=\"text-editor.default\">\n\t\t\t\t\t\t\t\t\t<p>Brillovsky's market sale takes place every Saturday at the weekly market on Boxhagener Platz and every Sunday at the flea market on Boxhagener Platz in Berlin-Friedrichshain. The latter is an extremely popular flea market for Berliners and visitors to Berlin. The word \"flea market\" is taken literally here - a pure, authentic flea market. Used and second-hand items are sold here.<br \/>Vintage is offered in every form: Furniture, vinyl, utensils of all possible and impossible kinds, clothing and accessories and much more.<br \/>The weekly market has been around for over 100 years. In addition to food - much of it from the region, much of it organic - there are also other stalls which<br \/>Offering interesting things - crafts, art, fashion, etc.<\/p><p>The \u201eBoxi\u201c is a quarree, with stalls on the outside and a meadow in the centre where people from Friedrichshain, the whole city and the whole world can relax and meet. Around the Boxi there is a wide range of food and drink on offer with a huge selection of snacks and drinks.<br \/>Sp\u00e4tis, caf\u00e9s and restaurants, international, hot, cold, vegan and non-vegan - and almost everywhere at fair prices.<\/p>\t\t\t\t\t\t\t\t<\/div>\n\t\t\t\t<\/div>\n\t\t\t\t\t<\/div>\n\t\t\t\t<\/div>\n\t\t\t\t<\/div>","protected":false},"excerpt":{"rendered":"<p>Brillovsky . . . gibt es seit 2004 \u2013 angefangen mit dem Sammeln, Aufbereiten, Restaurieren und Handeln von originalen alten Vintage-Brillen und -Sonnenbrillen.Durch langj\u00e4hrigen Verkauf auf M\u00e4rkten in Berlin hat der Name Brillovsky nicht nur bei Berlinern einen gewissen Bekanntheitsgrad erreicht. Brillovsky steht f\u00fcr altes, sch\u00f6nes Brillen-Design, zwischen klassisch und au\u00dfergew\u00f6hnlich. Heute umfasst die Sammlung [&hellip;]<\/p>\n","protected":false},"author":1,"featured_media":0,"parent":0,"menu_order":0,"comment_status":"closed","ping_status":"closed","template":"","meta":{"site-sidebar-layout":"no-sidebar","site-content-layout":"page-builder","ast-site-content-layout":"full-width-container","site-content-style":"default","site-sidebar-style":"default","ast-global-header-display":"","ast-banner-title-visibility":"","ast-main-header-display":"","ast-hfb-above-header-display":"","ast-hfb-below-header-display":"","ast-hfb-mobile-header-display":"","site-post-title":"disabled","ast-breadcrumbs-content":"","ast-featured-img":"disabled","footer-sml-layout":"","ast-disable-related-posts":"","theme-transparent-header-meta":"","adv-header-id-meta":"","stick-header-meta":"","header-above-stick-meta":"","header-main-stick-meta":"","header-below-stick-meta":"","astra-migrate-meta-layouts":"set","ast-page-background-enabled":"default","ast-page-background-meta":{"desktop":{"background-color":"","background-image":"","background-repeat":"repeat","background-position":"center center","background-size":"auto","background-attachment":"scroll","background-type":"","background-media":"","overlay-type":"","overlay-color":"","overlay-opacity":"","overlay-gradient":""},"tablet":{"background-color":"","background-image":"","background-repeat":"repeat","background-position":"center center","background-size":"auto","background-attachment":"scroll","background-type":"","background-media":"","overlay-type":"","overlay-color":"","overlay-opacity":"","overlay-gradient":""},"mobile":{"background-color":"","background-image":"","background-repeat":"repeat","background-position":"center center","background-size":"auto","background-attachment":"scroll","background-type":"","background-media":"","overlay-type":"","overlay-color":"","overlay-opacity":"","overlay-gradient":""}},"ast-content-background-meta":{"desktop":{"background-color":"var(--ast-global-color-5)","background-image":"","background-repeat":"repeat","background-position":"center center","background-size":"auto","background-attachment":"scroll","background-type":"","background-media":"","overlay-type":"","overlay-color":"","overlay-opacity":"","overlay-gradient":""},"tablet":{"background-color":"var(--ast-global-color-5)","background-image":"","background-repeat":"repeat","background-position":"center center","background-size":"auto","background-attachment":"scroll","background-type":"","background-media":"","overlay-type":"","overlay-color":"","overlay-opacity":"","overlay-gradient":""},"mobile":{"background-color":"var(--ast-global-color-5)","background-image":"","background-repeat":"repeat","background-position":"center center","background-size":"auto","background-attachment":"scroll","background-type":"","background-media":"","overlay-type":"","overlay-color":"","overlay-opacity":"","overlay-gradient":""}},"footnotes":""},"class_list":["post-11850","page","type-page","status-publish","hentry"],"_links":{"self":[{"href":"https:\/\/brillovsky.de\/en\/wp-json\/wp\/v2\/pages\/11850","targetHints":{"allow":["GET"]}}],"collection":[{"href":"https:\/\/brillovsky.de\/en\/wp-json\/wp\/v2\/pages"}],"about":[{"href":"https:\/\/brillovsky.de\/en\/wp-json\/wp\/v2\/types\/page"}],"author":[{"embeddable":true,"href":"https:\/\/brillovsky.de\/en\/wp-json\/wp\/v2\/users\/1"}],"replies":[{"embeddable":true,"href":"https:\/\/brillovsky.de\/en\/wp-json\/wp\/v2\/comments?post=11850"}],"version-history":[{"count":0,"href":"https:\/\/brillovsky.de\/en\/wp-json\/wp\/v2\/pages\/11850\/revisions"}],"wp:attachment":[{"href":"https:\/\/brillovsky.de\/en\/wp-json\/wp\/v2\/media?parent=11850"}],"curies":[{"name":"wp","href":"https:\/\/api.w.org\/{rel}","templated":true}]}}